{"id":120,"date":"2016-02-19T14:51:03","date_gmt":"2016-02-19T13:51:03","guid":{"rendered":"http:\/\/h2online.at\/wordpress\/?page_id=120"},"modified":"2024-06-12T12:16:40","modified_gmt":"2024-06-12T10:16:40","slug":"kontakt-impressum","status":"publish","type":"page","link":"https:\/\/h2online.at\/wordpress\/kontakt-impressum\/","title":{"rendered":"Kontakt  Impressum"},"content":{"rendered":"<h2>Kontakt<\/h2>\n<p>Karl Krendl<\/p>\n<p>Atelier<br>Manker Stra\u00dfe 12<br>A-3232 Bischofstetten<\/p>\n<p>Tel.: 0043 (0)677 623 801 04<br>E-Mail: <a href=\"mailto:karl.krendl@gmx.net\">karl.krendl@gmx.net<\/a><\/p>\n<table border=\"0\" width=\"100%\" cellpadding=\"0\">\n<tbody>\n<tr>\n<td width=\"80%\">\n<h2>Impressum<\/h2>\n<p>Inhalt:<\/p>\n<\/td>\n<\/tr>\n<tr>\n<td valign=\"top\">Karl Krendl<br>Manker Stra\u00dfe 12<br>A-3232 Bischofstetten<br>E-Mail: <a href=\"mailto:karl.krendl@gmx.net\">karl.krendl@gmx.net<\/a><\/td>\n<\/tr>\n<tr>\n<td valign=\"top\">&nbsp;<\/td>\n<\/tr>\n<tr>\n<td valign=\"top\">Layout und Design:<\/td>\n<\/tr>\n<tr>\n<td valign=\"top\">\n<p>Andreas Krendl<br>Dietersbergstra\u00dfe 35<br>A-3110 Neidling<\/p>\n<h2 id=\"eu-streitschlichtung\" class=\"adsimple-121375055 fusion-responsive-typography-calculated\" data-fontsize=\"24\" data-lineheight=\"36px\">EU-Streitschlichtung<\/h2>\n<p>Gem\u00e4\u00df Verordnung \u00fcber Online-Streitbeilegung in Verbraucherangelegenheiten (ODR-Verordnung) m\u00f6chten wir Sie \u00fcber die Online-Streitbeilegungsplattform (OS-Plattform) informieren.<br>Verbraucher haben die M\u00f6glichkeit, Beschwerden an die Online Streitbeilegungsplattform der Europ\u00e4ischen Kommission unter <a class=\"adsimple-121375055\" href=\"https:\/\/ec.europa.eu\/consumers\/odr\/main\/index.cfm?event=main.home2.show&amp;lng=DE\" target=\"_blank\" rel=\"noopener noreferrer\">http:\/\/ec.europa.eu\/odr?tid=121375055<\/a> zu richten. Die daf\u00fcr notwendigen Kontaktdaten finden Sie oberhalb in unserem Impressum.<\/p>\n<p>Wir m\u00f6chten Sie jedoch darauf hinweisen, dass wir nicht bereit oder verpflichtet sind, an Streitbeilegungsverfahren vor einer Verbraucherschlichtungsstelle teilzunehmen.<\/p>\n<h2 id=\"haftung-fuer-inhalte-dieser-webseite\" class=\"adsimple-121375055 fusion-responsive-typography-calculated\" data-fontsize=\"24\" data-lineheight=\"36px\">Haftung f\u00fcr Inhalte dieser Webseite<\/h2>\n<p>Wir entwickeln die Inhalte dieser Webseite st\u00e4ndig weiter und bem\u00fchen uns korrekte und aktuelle Informationen bereitzustellen. Leider k\u00f6nnen wir keine Haftung f\u00fcr die Korrektheit aller Inhalte auf dieser Webseite \u00fcbernehmen, speziell f\u00fcr jene die seitens Dritter bereitgestellt wurden.<\/p>\n<p>Sollten Ihnen problematische oder rechtswidrige Inhalte auffallen, bitten wir Sie uns umgehend zu kontaktieren, Sie finden die Kontaktdaten im Impressum.<\/p>\n<h2 id=\"haftung-links-webseite\" class=\"adsimple-121375055 fusion-responsive-typography-calculated\" data-fontsize=\"24\" data-lineheight=\"36px\">Haftung f\u00fcr Links auf dieser Webseite<\/h2>\n<p>Unsere Webseite enth\u00e4lt Links zu anderen Webseiten f\u00fcr deren Inhalt wir nicht verantwortlich sind. Haftung f\u00fcr verlinkte Websites besteht laut <a class=\"adsimple-121375055\" href=\"https:\/\/www.ris.bka.gv.at\/Dokument.wxe?Abfrage=Bundesnormen&amp;Dokumentnummer=NOR40025813&amp;tid=121375055\" target=\"_blank\" rel=\"noopener noreferrer\">\u00a7 17 ECG<\/a> f\u00fcr uns nicht, da wir keine Kenntnis rechtswidriger T\u00e4tigkeiten hatten und haben, uns solche Rechtswidrigkeiten auch bisher nicht aufgefallen sind und wir Links sofort entfernen w\u00fcrden, wenn uns Rechtswidrigkeiten bekannt werden.<\/p>\n<p>Wenn Ihnen rechtswidrige Links auf unserer Website auffallen, bitten wir Sie uns zu kontaktieren, Sie finden die Kontaktdaten im Impressum.<\/p>\n<h2 id=\"urheberrechtshinweis\" class=\"adsimple-121375055 fusion-responsive-typography-calculated\" data-fontsize=\"24\" data-lineheight=\"36px\">Urheberrechtshinweis<\/h2>\n<p>Alle Inhalte dieser Webseite (Bilder, Fotos, Texte, Videos) unterliegen dem Urheberrecht. Falls notwendig, werden wir die unerlaubte Nutzung von Teilen der Inhalte unserer Seite rechtlich verfolgen.<\/p>\n<p>Sollten Sie auf dieser Webseite Inhalte finden, die das Urheberrecht verletzen, bitten wir Sie uns zu kontaktieren.<\/p>\n<h2 id=\"bildernachweis\" class=\"adsimple-121375055 fusion-responsive-typography-calculated\" data-fontsize=\"24\" data-lineheight=\"36px\">Bildernachweis<\/h2>\n<p>Die Bilder, Fotos und Grafiken auf dieser Webseite sind urheberrechtlich gesch\u00fctzt.<\/p>\n<p>Die Bilderrechte liegen bei den folgenden Fotografen und Unternehmen:<\/p>\n<ul class=\"adsimple-121375055\">\n<li class=\"adsimple-121375055\">Fotograf Andreas Krendl<\/li>\n<\/ul>\n<\/td>\n<\/tr>\n<\/tbody>\n<\/table>\n\n\n<p><\/p>\n","protected":false},"excerpt":{"rendered":"<p>Kontakt Karl Krendl AtelierManker Stra\u00dfe 12A-3232 Bischofstetten Tel.: 0043 (0)677 623 801 04E-Mail: karl.krendl@gmx.net Impressum Inhalt: Karl KrendlManker Stra\u00dfe 12A-3232 BischofstettenE-Mail: karl.krendl@gmx.net &nbsp; Layout und Design: Andreas KrendlDietersbergstra\u00dfe 35A-3110 Neidling EU-Streitschlichtung Gem\u00e4\u00df Verordnung \u00fcber Online-Streitbeilegung in Verbraucherangelegenheiten (ODR-Verordnung) m\u00f6chten wir Sie \u00fcber die Online-Streitbeilegungsplattform (OS-Plattform) informieren.Verbraucher haben die M\u00f6glichkeit, Beschwerden &#8230;<\/p>\n<p> <a class=\"continue-reading-link\" href=\"https:\/\/h2online.at\/wordpress\/kontakt-impressum\/\"><span>Continue reading<\/span><i class=\"crycon-right-dir\"><\/i><\/a> <\/p>\n","protected":false},"author":1,"featured_media":0,"parent":0,"menu_order":0,"comment_status":"closed","ping_status":"closed","template":"templates\/template-onecolumn.php","meta":[],"_links":{"self":[{"href":"https:\/\/h2online.at\/wordpress\/wp-json\/wp\/v2\/pages\/120"}],"collection":[{"href":"https:\/\/h2online.at\/wordpress\/wp-json\/wp\/v2\/pages"}],"about":[{"href":"https:\/\/h2online.at\/wordpress\/wp-json\/wp\/v2\/types\/page"}],"author":[{"embeddable":true,"href":"https:\/\/h2online.at\/wordpress\/wp-json\/wp\/v2\/users\/1"}],"replies":[{"embeddable":true,"href":"https:\/\/h2online.at\/wordpress\/wp-json\/wp\/v2\/comments?post=120"}],"version-history":[{"count":5,"href":"https:\/\/h2online.at\/wordpress\/wp-json\/wp\/v2\/pages\/120\/revisions"}],"predecessor-version":[{"id":807,"href":"https:\/\/h2online.at\/wordpress\/wp-json\/wp\/v2\/pages\/120\/revisions\/807"}],"wp:attachment":[{"href":"https:\/\/h2online.at\/wordpress\/wp-json\/wp\/v2\/media?parent=120"}],"curies":[{"name":"wp","href":"https:\/\/api.w.org\/{rel}","templated":true}]}}