{"id":62,"date":"2016-02-16T19:40:35","date_gmt":"2016-02-16T18:40:35","guid":{"rendered":"http:\/\/h2online.at\/wordpress\/?page_id=62"},"modified":"2024-06-12T12:13:49","modified_gmt":"2024-06-12T10:13:49","slug":"akt-und-schrift","status":"publish","type":"page","link":"https:\/\/h2online.at\/wordpress\/akt-und-schrift\/","title":{"rendered":"Akt und Schrift"},"content":{"rendered":"<p>Scherzhafte Streitgespr\u00e4che, ob man Erotik besser in Bildern oder in Worten ausdr\u00fccken k\u00f6nne,<br \/>\nbrachten Karl Krendl und Ewald Reiter auf die Idee &#8220;Eros in Wort und Bild&#8221; zu ver\u00f6ffentlichen.<br \/>\nDie entstandenen Exponate dazu sind eine sehr sch\u00f6ne Kombination aus beiden Bereichen.<\/p>\n<h3>Eine erotische Geschichte<\/h3>\n<p>Sie war von schlanker Gestalt.<br \/>\nEine Sch\u00f6nheit, die kaum noch einmal zu finden sein wird.<br \/>\nZ\u00e4rtlich ber\u00fchrte ich mit meinen H\u00e4nden ihre Formen.<br \/>\nDie Lust und auch ein Hauch von Erregung stieg in mir hoch.<br \/>\nIch glaubte, ihr Innerstes erf\u00fchlen zu k\u00f6nnen.<br \/>\nObwohl sie verschlossen war, sp\u00fcrte ich sofort,<br \/>\ndass wir zusammen geh\u00f6rten.<br \/>\nUnd dennoch wagte ich mich nicht an sie heran.<br \/>\nIch hatte mir vorgenommen,die Flasche Baron Rothschild 1983<br \/>\nnur zu einem besonderen Anlass zu \u00f6ffen.<br \/>\n[Auszug aus dem Buch &#8220;Eros in Wort und Schrift&#8221; &#8211; Lyrik <a href=\"http:\/\/www.lachens.net\/\" target=\"blank\" rel=\"noopener noreferrer\">Ewald Reiter<\/a><\/p>\n<div  id=\"jtg-371\" class=\"modula modula-gallery modula-creative-gallery\" data-config=\"{&quot;height&quot;:800,&quot;tabletHeight&quot;:800,&quot;mobileHeight&quot;:800,&quot;desktopHeight&quot;:800,&quot;enableTwitter&quot;:false,&quot;enableWhatsapp&quot;:false,&quot;enableFacebook&quot;:false,&quot;enablePinterest&quot;:false,&quot;enableLinkedin&quot;:false,&quot;enableEmail&quot;:false,&quot;randomFactor&quot;:0.5,&quot;type&quot;:&quot;creative-gallery&quot;,&quot;columns&quot;:12,&quot;gutter&quot;:10,&quot;mobileGutter&quot;:10,&quot;tabletGutter&quot;:10,&quot;desktopGutter&quot;:10,&quot;enableResponsive&quot;:&quot;0&quot;,&quot;tabletColumns&quot;:&quot;2&quot;,&quot;mobileColumns&quot;:&quot;1&quot;,&quot;lazyLoad&quot;:0,&quot;lightboxOpts&quot;:{&quot;animated&quot;:true,&quot;Thumbs&quot;:{&quot;type&quot;:&quot;modern&quot;,&quot;showOnStart&quot;:false},&quot;Toolbar&quot;:{&quot;display&quot;:{&quot;right&quot;:[&quot;close&quot;]},&quot;enabled&quot;:true},&quot;Carousel&quot;:{&quot;Panzoom&quot;:{&quot;touch&quot;:true},&quot;infinite&quot;:false},&quot;keyboard&quot;:{&quot;Escape&quot;:&quot;close&quot;,&quot;Delete&quot;:&quot;close&quot;,&quot;Backspace&quot;:&quot;close&quot;,&quot;PageUp&quot;:false,&quot;PageDown&quot;:false,&quot;ArrowUp&quot;:false,&quot;ArrowDown&quot;:false,&quot;ArrowRight&quot;:false,&quot;ArrowLeft&quot;:false},&quot;touch&quot;:false,&quot;backdropClick&quot;:false,&quot;l10n&quot;:{&quot;CLOSE&quot;:&quot;Schlie\\u00dfen&quot;,&quot;NEXT&quot;:&quot;Weiter&quot;,&quot;PREV&quot;:&quot;Zur\\u00fcck&quot;,&quot;Error&quot;:&quot;Der angeforderte Inhalt kann nicht geladen werden. Bitte versuche es sp\\u00e4ter noch einmal.&quot;,&quot;PLAY_START&quot;:&quot;Slideshow starten&quot;,&quot;PLAY_STOP&quot;:&quot;Slideshow anhalten&quot;,&quot;FULL_SCREEN&quot;:&quot;Vollbild&quot;,&quot;THUMBS&quot;:&quot;Vorschaubilder&quot;,&quot;DOWNLOAD&quot;:&quot;Download&quot;,&quot;SHARE&quot;:&quot;Teilen&quot;,&quot;ZOOM&quot;:&quot;Vergr\\u00f6\\u00dfern&quot;,&quot;EMAIL&quot;:&quot;Hier ist der Link zum Bild: %%image_link%% und hier ist der Link zur Galerie: %%gallery_link%%&quot;,&quot;MODAL&quot;:&quot;Du kannst diesen Modal-Inhalt mit der ESC-Taste schlie\\u00dfen&quot;,&quot;ERROR&quot;:&quot;Es ist ein Fehler aufgetreten. Bitte versuche es sp\\u00e4ter noch einmal&quot;,&quot;IMAGE_ERROR&quot;:&quot;Bild nicht gefunden&quot;,&quot;ELEMENT_NOT_FOUND&quot;:&quot;HTML-Element nicht gefunden&quot;,&quot;AJAX_NOT_FOUND&quot;:&quot;Fehler beim Laden von AJAX: Nicht gefunden&quot;,&quot;AJAX_FORBIDDEN&quot;:&quot;Fehler beim Laden von AJAX: Zugriff verweigert&quot;,&quot;IFRAME_ERROR&quot;:&quot;Fehler beim Laden der Seite&quot;,&quot;TOGGLE_ZOOM&quot;:&quot;Zoomstufe umschalten&quot;,&quot;TOGGLE_THUMBS&quot;:&quot;Miniaturansichten ein-\\\/ausblenden&quot;,&quot;TOGGLE_SLIDESHOW&quot;:&quot;Diashow ein-\\\/ausschalten&quot;,&quot;TOGGLE_FULLSCREEN&quot;:&quot;Vollbildmodus umschalten&quot;},&quot;Images&quot;:{&quot;Panzoom&quot;:{&quot;maxScale&quot;:2}},&quot;mainClass&quot;:&quot;modula-fancybox-container modula-lightbox-jtg-371&quot;,&quot;Html&quot;:{&quot;videoAutoplay&quot;:0,&quot;videoTpl&quot;:&quot;&lt;video class=\\&quot;fancybox__html5video\\&quot; controls muted playsinline controlsList controlsList=\\&quot;nodownload\\&quot; poster=\\&quot;{{poster}}\\&quot; src=\\&quot;{{src}}\\&quot; type=\\&quot;{{format}}\\&quot; &gt;  Sorry, your browser doesn&#039;t support embedded videos, &lt;a href=\\&quot;{{src}}\\&quot;&gt; download &lt;\\\/a&gt; and watch with your favorite video player! &lt;\\\/video&gt;&quot;}},&quot;inView&quot;:false,&quot;email_subject&quot;:&quot;Check out this awesome image !!&quot;,&quot;email_message&quot;:&quot;Here is the link to the image : %%image_link%% and this is the link to the gallery : %%gallery_link%%&quot;,&quot;lightbox&quot;:&quot;fancybox&quot;}\">\n\n\t\n\t<div  class=\"modula-items\">\n\t\t<div class=\"modula-item effect-pufrobo\" >\n\t<div class=\"modula-item-overlay\"><\/div>\n\n\t<div class=\"modula-item-content\">\n\n\t\t<a data-image-id=\"74\" role=\"button\" tabindex=\"0\" rel=\"jtg-371\" data-caption=\"Akte \/ Schrift \nAcyrl auf Leinen, Lackstift 50x50cm 2015\" aria-label=\"Bilder in Lightbox \u00f6ffnen\" class=\"tile-inner modula-item-link\"><\/a><img class=\"pic wp-image-74\"  data-valign=\"middle\" data-halign=\"center\" alt=\"\" data-full=\"https:\/\/h2online.at\/wordpress\/wp-content\/uploads\/2016\/02\/2015_akt_schrift_004_DSC_6638-Kopie.jpg\" title=\"2015_akt_schrift_004_DSC_6638 Kopie\" crop=\"\" width=\"296\" height=\"300\" src=\"https:\/\/h2online.at\/wordpress\/wp-content\/uploads\/2016\/02\/2015_akt_schrift_004_DSC_6638-Kopie-296x300.jpg\" data-src=\"https:\/\/h2online.at\/wordpress\/wp-content\/uploads\/2016\/02\/2015_akt_schrift_004_DSC_6638-Kopie-296x300.jpg\" data-caption=\"Akte \/ Schrift \nAcyrl auf Leinen, Lackstift 50x50cm 2015\" srcset=\"https:\/\/h2online.at\/wordpress\/wp-content\/uploads\/2016\/02\/2015_akt_schrift_004_DSC_6638-Kopie.jpg 1998w, https:\/\/h2online.at\/wordpress\/wp-content\/uploads\/2016\/02\/2015_akt_schrift_004_DSC_6638-Kopie-296x300.jpg 296w, https:\/\/h2online.at\/wordpress\/wp-content\/uploads\/2016\/02\/2015_akt_schrift_004_DSC_6638-Kopie-768x778.jpg 768w, https:\/\/h2online.at\/wordpress\/wp-content\/uploads\/2016\/02\/2015_akt_schrift_004_DSC_6638-Kopie-1011x1024.jpg 1011w, https:\/\/h2online.at\/wordpress\/wp-content\/uploads\/2016\/02\/2015_akt_schrift_004_DSC_6638-Kopie-588x595.jpg 588w\" sizes=\"(max-width: 296px) 100vw, 296px\" \/>\n\t\t<div class=\"figc\">\n\t\t\t<div class=\"figc-inner\">\n\t\t\t\t\t\t\t\t\t\t\t\t\t\t\t<\/div>\n\t\t<\/div>\n\n\t<\/div>\n\n<\/div><div class=\"modula-item effect-pufrobo\" >\n\t<div class=\"modula-item-overlay\"><\/div>\n\n\t<div class=\"modula-item-content\">\n\n\t\t<a data-image-id=\"73\" role=\"button\" tabindex=\"0\" rel=\"jtg-371\" data-caption=\"Spiel des Lichtes\nAcyrl auf Leinen, Lackstift 50x50cm 2015\" aria-label=\"Bilder in Lightbox \u00f6ffnen\" class=\"tile-inner modula-item-link\"><\/a><img class=\"pic wp-image-73\"  data-valign=\"middle\" data-halign=\"center\" alt=\"\" data-full=\"https:\/\/h2online.at\/wordpress\/wp-content\/uploads\/2016\/02\/2015_akt_schrift_005_DSC_6639-Kopie.jpg\" title=\"2015_akt_schrift_005_DSC_6639 Kopie\" crop=\"\" width=\"298\" height=\"300\" src=\"https:\/\/h2online.at\/wordpress\/wp-content\/uploads\/2016\/02\/2015_akt_schrift_005_DSC_6639-Kopie-298x300.jpg\" data-src=\"https:\/\/h2online.at\/wordpress\/wp-content\/uploads\/2016\/02\/2015_akt_schrift_005_DSC_6639-Kopie-298x300.jpg\" data-caption=\"Spiel des Lichtes\nAcyrl auf Leinen, Lackstift 50x50cm 2015\" srcset=\"https:\/\/h2online.at\/wordpress\/wp-content\/uploads\/2016\/02\/2015_akt_schrift_005_DSC_6639-Kopie.jpg 2012w, https:\/\/h2online.at\/wordpress\/wp-content\/uploads\/2016\/02\/2015_akt_schrift_005_DSC_6639-Kopie-150x150.jpg 150w, https:\/\/h2online.at\/wordpress\/wp-content\/uploads\/2016\/02\/2015_akt_schrift_005_DSC_6639-Kopie-298x300.jpg 298w, https:\/\/h2online.at\/wordpress\/wp-content\/uploads\/2016\/02\/2015_akt_schrift_005_DSC_6639-Kopie-768x773.jpg 768w, https:\/\/h2online.at\/wordpress\/wp-content\/uploads\/2016\/02\/2015_akt_schrift_005_DSC_6639-Kopie-1017x1024.jpg 1017w, https:\/\/h2online.at\/wordpress\/wp-content\/uploads\/2016\/02\/2015_akt_schrift_005_DSC_6639-Kopie-588x592.jpg 588w\" sizes=\"(max-width: 298px) 100vw, 298px\" \/>\n\t\t<div class=\"figc\">\n\t\t\t<div class=\"figc-inner\">\n\t\t\t\t\t\t\t\t\t\t\t\t\t\t\t<\/div>\n\t\t<\/div>\n\n\t<\/div>\n\n<\/div><div class=\"modula-item effect-pufrobo\" >\n\t<div class=\"modula-item-overlay\"><\/div>\n\n\t<div class=\"modula-item-content\">\n\n\t\t<a data-image-id=\"72\" role=\"button\" tabindex=\"0\" rel=\"jtg-371\" data-caption=\"Akte \/ Schrift \/ Wei\u00df\nAcyrl auf Leinen, Lackstift 50x40cm 2015\" aria-label=\"Bilder in Lightbox \u00f6ffnen\" class=\"tile-inner modula-item-link\"><\/a><img class=\"pic wp-image-72\"  data-valign=\"middle\" data-halign=\"center\" alt=\"\" data-full=\"https:\/\/h2online.at\/wordpress\/wp-content\/uploads\/2016\/02\/2015_akt_schrift_006_DSC_6641-Kopie.jpg\" title=\"2015_akt_schrift_006_DSC_6641 Kopie\" crop=\"\" width=\"246\" height=\"300\" src=\"https:\/\/h2online.at\/wordpress\/wp-content\/uploads\/2016\/02\/2015_akt_schrift_006_DSC_6641-Kopie-246x300.jpg\" data-src=\"https:\/\/h2online.at\/wordpress\/wp-content\/uploads\/2016\/02\/2015_akt_schrift_006_DSC_6641-Kopie-246x300.jpg\" data-caption=\"Akte \/ Schrift \/ Wei\u00df\nAcyrl auf Leinen, Lackstift 50x40cm 2015\" srcset=\"https:\/\/h2online.at\/wordpress\/wp-content\/uploads\/2016\/02\/2015_akt_schrift_006_DSC_6641-Kopie.jpg 1654w, https:\/\/h2online.at\/wordpress\/wp-content\/uploads\/2016\/02\/2015_akt_schrift_006_DSC_6641-Kopie-246x300.jpg 246w, https:\/\/h2online.at\/wordpress\/wp-content\/uploads\/2016\/02\/2015_akt_schrift_006_DSC_6641-Kopie-768x935.jpg 768w, https:\/\/h2online.at\/wordpress\/wp-content\/uploads\/2016\/02\/2015_akt_schrift_006_DSC_6641-Kopie-841x1024.jpg 841w, https:\/\/h2online.at\/wordpress\/wp-content\/uploads\/2016\/02\/2015_akt_schrift_006_DSC_6641-Kopie-588x716.jpg 588w\" sizes=\"(max-width: 246px) 100vw, 246px\" \/>\n\t\t<div class=\"figc\">\n\t\t\t<div class=\"figc-inner\">\n\t\t\t\t\t\t\t\t\t\t\t\t\t\t\t<\/div>\n\t\t<\/div>\n\n\t<\/div>\n\n<\/div><div class=\"modula-item effect-pufrobo\" >\n\t<div class=\"modula-item-overlay\"><\/div>\n\n\t<div class=\"modula-item-content\">\n\n\t\t<a data-image-id=\"71\" role=\"button\" tabindex=\"0\" rel=\"jtg-371\" data-caption=\"Akte \/ Schrift \/ Wei\u00df (Erotisches Alphabet)\nAcyrl auf Leinen, Lackstift 50x40cm 2015\" aria-label=\"Bilder in Lightbox \u00f6ffnen\" class=\"tile-inner modula-item-link\"><\/a><img class=\"pic wp-image-71\"  data-valign=\"middle\" data-halign=\"center\" alt=\"\" data-full=\"https:\/\/h2online.at\/wordpress\/wp-content\/uploads\/2016\/02\/2015_akt_schrift_007_DSC_6642-Kopie.jpg\" title=\"2015_akt_schrift_007_DSC_6642 Kopie\" crop=\"\" width=\"244\" height=\"300\" src=\"https:\/\/h2online.at\/wordpress\/wp-content\/uploads\/2016\/02\/2015_akt_schrift_007_DSC_6642-Kopie-244x300.jpg\" data-src=\"https:\/\/h2online.at\/wordpress\/wp-content\/uploads\/2016\/02\/2015_akt_schrift_007_DSC_6642-Kopie-244x300.jpg\" data-caption=\"Akte \/ Schrift \/ Wei\u00df (Erotisches Alphabet)\nAcyrl auf Leinen, Lackstift 50x40cm 2015\" srcset=\"https:\/\/h2online.at\/wordpress\/wp-content\/uploads\/2016\/02\/2015_akt_schrift_007_DSC_6642-Kopie.jpg 1675w, https:\/\/h2online.at\/wordpress\/wp-content\/uploads\/2016\/02\/2015_akt_schrift_007_DSC_6642-Kopie-244x300.jpg 244w, https:\/\/h2online.at\/wordpress\/wp-content\/uploads\/2016\/02\/2015_akt_schrift_007_DSC_6642-Kopie-768x945.jpg 768w, https:\/\/h2online.at\/wordpress\/wp-content\/uploads\/2016\/02\/2015_akt_schrift_007_DSC_6642-Kopie-832x1024.jpg 832w, https:\/\/h2online.at\/wordpress\/wp-content\/uploads\/2016\/02\/2015_akt_schrift_007_DSC_6642-Kopie-588x724.jpg 588w\" sizes=\"(max-width: 244px) 100vw, 244px\" \/>\n\t\t<div class=\"figc\">\n\t\t\t<div class=\"figc-inner\">\n\t\t\t\t\t\t\t\t\t\t\t\t\t\t\t<\/div>\n\t\t<\/div>\n\n\t<\/div>\n\n<\/div><div class=\"modula-item effect-pufrobo\" >\n\t<div class=\"modula-item-overlay\"><\/div>\n\n\t<div class=\"modula-item-content\">\n\n\t\t<a data-image-id=\"70\" role=\"button\" tabindex=\"0\" rel=\"jtg-371\" data-caption=\"Akte \/ Schrift \/ Wei\u00df (Erotisches Alphabet)\nAcyrl auf Leinen, Lackstift 50x40cm 2015\" aria-label=\"Bilder in Lightbox \u00f6ffnen\" class=\"tile-inner modula-item-link\"><\/a><img class=\"pic wp-image-70\"  data-valign=\"middle\" data-halign=\"center\" alt=\"\" data-full=\"https:\/\/h2online.at\/wordpress\/wp-content\/uploads\/2016\/02\/2015_akt_schrift_008_DSC_6643-Kopie.jpg\" title=\"2015_akt_schrift_008_DSC_6643 Kopie\" crop=\"\" width=\"245\" height=\"300\" src=\"https:\/\/h2online.at\/wordpress\/wp-content\/uploads\/2016\/02\/2015_akt_schrift_008_DSC_6643-Kopie-245x300.jpg\" data-src=\"https:\/\/h2online.at\/wordpress\/wp-content\/uploads\/2016\/02\/2015_akt_schrift_008_DSC_6643-Kopie-245x300.jpg\" data-caption=\"Akte \/ Schrift \/ Wei\u00df (Erotisches Alphabet)\nAcyrl auf Leinen, Lackstift 50x40cm 2015\" srcset=\"https:\/\/h2online.at\/wordpress\/wp-content\/uploads\/2016\/02\/2015_akt_schrift_008_DSC_6643-Kopie.jpg 1657w, https:\/\/h2online.at\/wordpress\/wp-content\/uploads\/2016\/02\/2015_akt_schrift_008_DSC_6643-Kopie-245x300.jpg 245w, https:\/\/h2online.at\/wordpress\/wp-content\/uploads\/2016\/02\/2015_akt_schrift_008_DSC_6643-Kopie-768x939.jpg 768w, https:\/\/h2online.at\/wordpress\/wp-content\/uploads\/2016\/02\/2015_akt_schrift_008_DSC_6643-Kopie-837x1024.jpg 837w, https:\/\/h2online.at\/wordpress\/wp-content\/uploads\/2016\/02\/2015_akt_schrift_008_DSC_6643-Kopie-588x719.jpg 588w\" sizes=\"(max-width: 245px) 100vw, 245px\" \/>\n\t\t<div class=\"figc\">\n\t\t\t<div class=\"figc-inner\">\n\t\t\t\t\t\t\t\t\t\t\t\t\t\t\t<\/div>\n\t\t<\/div>\n\n\t<\/div>\n\n<\/div><div class=\"modula-item effect-pufrobo\" >\n\t<div class=\"modula-item-overlay\"><\/div>\n\n\t<div class=\"modula-item-content\">\n\n\t\t<a data-image-id=\"69\" role=\"button\" tabindex=\"0\" rel=\"jtg-371\" data-caption=\"Akte \/ Schrift \/ Wei\u00df (Erotisches Alphabet)\nAcyrl auf Leinen, Lackstift 50x40cm 2015\" aria-label=\"Bilder in Lightbox \u00f6ffnen\" class=\"tile-inner modula-item-link\"><\/a><img class=\"pic wp-image-69\"  data-valign=\"middle\" data-halign=\"center\" alt=\"\" data-full=\"https:\/\/h2online.at\/wordpress\/wp-content\/uploads\/2016\/02\/2015_akt_schrift_009_DSC_6644-Kopie.jpg\" title=\"2015_akt_schrift_009_DSC_6644 Kopie\" crop=\"\" width=\"242\" height=\"300\" src=\"https:\/\/h2online.at\/wordpress\/wp-content\/uploads\/2016\/02\/2015_akt_schrift_009_DSC_6644-Kopie-242x300.jpg\" data-src=\"https:\/\/h2online.at\/wordpress\/wp-content\/uploads\/2016\/02\/2015_akt_schrift_009_DSC_6644-Kopie-242x300.jpg\" data-caption=\"Akte \/ Schrift \/ Wei\u00df (Erotisches Alphabet)\nAcyrl auf Leinen, Lackstift 50x40cm 2015\" srcset=\"https:\/\/h2online.at\/wordpress\/wp-content\/uploads\/2016\/02\/2015_akt_schrift_009_DSC_6644-Kopie.jpg 1650w, https:\/\/h2online.at\/wordpress\/wp-content\/uploads\/2016\/02\/2015_akt_schrift_009_DSC_6644-Kopie-242x300.jpg 242w, https:\/\/h2online.at\/wordpress\/wp-content\/uploads\/2016\/02\/2015_akt_schrift_009_DSC_6644-Kopie-768x953.jpg 768w, https:\/\/h2online.at\/wordpress\/wp-content\/uploads\/2016\/02\/2015_akt_schrift_009_DSC_6644-Kopie-825x1024.jpg 825w, https:\/\/h2online.at\/wordpress\/wp-content\/uploads\/2016\/02\/2015_akt_schrift_009_DSC_6644-Kopie-588x729.jpg 588w\" sizes=\"(max-width: 242px) 100vw, 242px\" \/>\n\t\t<div class=\"figc\">\n\t\t\t<div class=\"figc-inner\">\n\t\t\t\t\t\t\t\t\t\t\t\t\t\t\t<\/div>\n\t\t<\/div>\n\n\t<\/div>\n\n<\/div><div class=\"modula-item effect-pufrobo\" >\n\t<div class=\"modula-item-overlay\"><\/div>\n\n\t<div class=\"modula-item-content\">\n\n\t\t<a data-image-id=\"68\" role=\"button\" tabindex=\"0\" rel=\"jtg-371\" data-caption=\"\" aria-label=\"Bilder in Lightbox \u00f6ffnen\" class=\"tile-inner modula-item-link\"><\/a><img class=\"pic wp-image-68\"  data-valign=\"middle\" data-halign=\"center\" alt=\"\" data-full=\"https:\/\/h2online.at\/wordpress\/wp-content\/uploads\/2016\/02\/2015_akt_schrift_010_DSC_6645-Kopie.jpg\" title=\"2015_akt_schrift_010_DSC_6645 Kopie\" crop=\"\" width=\"243\" height=\"300\" src=\"https:\/\/h2online.at\/wordpress\/wp-content\/uploads\/2016\/02\/2015_akt_schrift_010_DSC_6645-Kopie-243x300.jpg\" data-src=\"https:\/\/h2online.at\/wordpress\/wp-content\/uploads\/2016\/02\/2015_akt_schrift_010_DSC_6645-Kopie-243x300.jpg\" data-caption=\"\" srcset=\"https:\/\/h2online.at\/wordpress\/wp-content\/uploads\/2016\/02\/2015_akt_schrift_010_DSC_6645-Kopie.jpg 1680w, https:\/\/h2online.at\/wordpress\/wp-content\/uploads\/2016\/02\/2015_akt_schrift_010_DSC_6645-Kopie-243x300.jpg 243w, https:\/\/h2online.at\/wordpress\/wp-content\/uploads\/2016\/02\/2015_akt_schrift_010_DSC_6645-Kopie-768x948.jpg 768w, https:\/\/h2online.at\/wordpress\/wp-content\/uploads\/2016\/02\/2015_akt_schrift_010_DSC_6645-Kopie-829x1024.jpg 829w, https:\/\/h2online.at\/wordpress\/wp-content\/uploads\/2016\/02\/2015_akt_schrift_010_DSC_6645-Kopie-588x726.jpg 588w\" sizes=\"(max-width: 243px) 100vw, 243px\" \/>\n\t\t<div class=\"figc no-description\">\n\t\t\t<div class=\"figc-inner\">\n\t\t\t\t\t\t\t\t\t\t\t\t\t\t\t<\/div>\n\t\t<\/div>\n\n\t<\/div>\n\n<\/div><div class=\"modula-item effect-pufrobo\" >\n\t<div class=\"modula-item-overlay\"><\/div>\n\n\t<div class=\"modula-item-content\">\n\n\t\t<a data-image-id=\"67\" role=\"button\" tabindex=\"0\" rel=\"jtg-371\" data-caption=\"Akt &amp; Schrift \nAcryl auf Leinen, Lackstift\n100x100cm 2015\" aria-label=\"Bilder in Lightbox \u00f6ffnen\" class=\"tile-inner modula-item-link\"><\/a><img class=\"pic wp-image-67\"  data-valign=\"middle\" data-halign=\"center\" alt=\"\" data-full=\"https:\/\/h2online.at\/wordpress\/wp-content\/uploads\/2016\/02\/2015_akt_schrift_001_DSC_6625-Kopie.jpg\" title=\"2015_akt_schrift_001_DSC_6625 Kopie\" crop=\"\" width=\"300\" height=\"300\" src=\"https:\/\/h2online.at\/wordpress\/wp-content\/uploads\/2016\/02\/2015_akt_schrift_001_DSC_6625-Kopie-300x300.jpg\" data-src=\"https:\/\/h2online.at\/wordpress\/wp-content\/uploads\/2016\/02\/2015_akt_schrift_001_DSC_6625-Kopie-300x300.jpg\" data-caption=\"Akt &amp; Schrift \nAcryl auf Leinen, Lackstift\n100x100cm 2015\" srcset=\"https:\/\/h2online.at\/wordpress\/wp-content\/uploads\/2016\/02\/2015_akt_schrift_001_DSC_6625-Kopie.jpg 1872w, https:\/\/h2online.at\/wordpress\/wp-content\/uploads\/2016\/02\/2015_akt_schrift_001_DSC_6625-Kopie-150x150.jpg 150w, https:\/\/h2online.at\/wordpress\/wp-content\/uploads\/2016\/02\/2015_akt_schrift_001_DSC_6625-Kopie-300x300.jpg 300w, https:\/\/h2online.at\/wordpress\/wp-content\/uploads\/2016\/02\/2015_akt_schrift_001_DSC_6625-Kopie-1024x1019.jpg 1024w\" sizes=\"(max-width: 300px) 100vw, 300px\" \/>\n\t\t<div class=\"figc\">\n\t\t\t<div class=\"figc-inner\">\n\t\t\t\t\t\t\t\t\t\t\t\t\t\t\t<\/div>\n\t\t<\/div>\n\n\t<\/div>\n\n<\/div><div class=\"modula-item effect-pufrobo\" >\n\t<div class=\"modula-item-overlay\"><\/div>\n\n\t<div class=\"modula-item-content\">\n\n\t\t<a data-image-id=\"66\" role=\"button\" tabindex=\"0\" rel=\"jtg-371\" data-caption=\"Akt &amp; Schrift \nAcryl auf Leinen, Lackstift\n100x100cm 2015\" aria-label=\"Bilder in Lightbox \u00f6ffnen\" class=\"tile-inner modula-item-link\"><\/a><img class=\"pic wp-image-66\"  data-valign=\"middle\" data-halign=\"center\" alt=\"\" data-full=\"https:\/\/h2online.at\/wordpress\/wp-content\/uploads\/2016\/02\/2015_akt_schrift_002_DSC_6630-Kopie.jpg\" title=\"2015_akt_schrift_002_DSC_6630 Kopie\" crop=\"\" width=\"300\" height=\"300\" src=\"https:\/\/h2online.at\/wordpress\/wp-content\/uploads\/2016\/02\/2015_akt_schrift_002_DSC_6630-Kopie-300x300.jpg\" data-src=\"https:\/\/h2online.at\/wordpress\/wp-content\/uploads\/2016\/02\/2015_akt_schrift_002_DSC_6630-Kopie-300x300.jpg\" data-caption=\"Akt &amp; Schrift \nAcryl auf Leinen, Lackstift\n100x100cm 2015\" srcset=\"https:\/\/h2online.at\/wordpress\/wp-content\/uploads\/2016\/02\/2015_akt_schrift_002_DSC_6630-Kopie.jpg 1885w, https:\/\/h2online.at\/wordpress\/wp-content\/uploads\/2016\/02\/2015_akt_schrift_002_DSC_6630-Kopie-150x150.jpg 150w, https:\/\/h2online.at\/wordpress\/wp-content\/uploads\/2016\/02\/2015_akt_schrift_002_DSC_6630-Kopie-300x300.jpg 300w, https:\/\/h2online.at\/wordpress\/wp-content\/uploads\/2016\/02\/2015_akt_schrift_002_DSC_6630-Kopie-768x770.jpg 768w, https:\/\/h2online.at\/wordpress\/wp-content\/uploads\/2016\/02\/2015_akt_schrift_002_DSC_6630-Kopie-1021x1024.jpg 1021w, https:\/\/h2online.at\/wordpress\/wp-content\/uploads\/2016\/02\/2015_akt_schrift_002_DSC_6630-Kopie-588x590.jpg 588w\" sizes=\"(max-width: 300px) 100vw, 300px\" \/>\n\t\t<div class=\"figc\">\n\t\t\t<div class=\"figc-inner\">\n\t\t\t\t\t\t\t\t\t\t\t\t\t\t\t<\/div>\n\t\t<\/div>\n\n\t<\/div>\n\n<\/div><div class=\"modula-item effect-pufrobo\" >\n\t<div class=\"modula-item-overlay\"><\/div>\n\n\t<div class=\"modula-item-content\">\n\n\t\t<a data-image-id=\"65\" role=\"button\" tabindex=\"0\" rel=\"jtg-371\" data-caption=\"Akt &amp; Schrift (Erotisches Alphabet)\nAcryl auf Leinen, Lackstift\nObjekt \/ Rahmen 50x50cm 2015\" aria-label=\"Bilder in Lightbox \u00f6ffnen\" class=\"tile-inner modula-item-link\"><\/a><img class=\"pic wp-image-65\"  data-valign=\"middle\" data-halign=\"center\" alt=\"\" data-full=\"https:\/\/h2online.at\/wordpress\/wp-content\/uploads\/2016\/02\/2015_akt_schrift_003_DSC_6633-Kopie-2.jpg\" title=\"2015_akt_schrift_003_DSC_6633 Kopie\" crop=\"\" width=\"300\" height=\"300\" src=\"https:\/\/h2online.at\/wordpress\/wp-content\/uploads\/2016\/02\/2015_akt_schrift_003_DSC_6633-Kopie-2-300x300.jpg\" data-src=\"https:\/\/h2online.at\/wordpress\/wp-content\/uploads\/2016\/02\/2015_akt_schrift_003_DSC_6633-Kopie-2-300x300.jpg\" data-caption=\"Akt &amp; Schrift (Erotisches Alphabet)\nAcryl auf Leinen, Lackstift\nObjekt \/ Rahmen 50x50cm 2015\" srcset=\"https:\/\/h2online.at\/wordpress\/wp-content\/uploads\/2016\/02\/2015_akt_schrift_003_DSC_6633-Kopie-2.jpg 2037w, https:\/\/h2online.at\/wordpress\/wp-content\/uploads\/2016\/02\/2015_akt_schrift_003_DSC_6633-Kopie-2-150x150.jpg 150w, https:\/\/h2online.at\/wordpress\/wp-content\/uploads\/2016\/02\/2015_akt_schrift_003_DSC_6633-Kopie-2-300x300.jpg 300w, https:\/\/h2online.at\/wordpress\/wp-content\/uploads\/2016\/02\/2015_akt_schrift_003_DSC_6633-Kopie-2-768x770.jpg 768w, https:\/\/h2online.at\/wordpress\/wp-content\/uploads\/2016\/02\/2015_akt_schrift_003_DSC_6633-Kopie-2-1021x1024.jpg 1021w, https:\/\/h2online.at\/wordpress\/wp-content\/uploads\/2016\/02\/2015_akt_schrift_003_DSC_6633-Kopie-2-588x590.jpg 588w\" sizes=\"(max-width: 300px) 100vw, 300px\" \/>\n\t\t<div class=\"figc\">\n\t\t\t<div class=\"figc-inner\">\n\t\t\t\t\t\t\t\t\t\t\t\t\t\t\t<\/div>\n\t\t<\/div>\n\n\t<\/div>\n\n<\/div>\t\t\n\t<\/div>\n\n\t\n\t\n\t<script type=\"application\/ld+json\">\n\t{\n\t\t\"@context\": \"http:\/\/schema.org\",\n\t\t\"@type\"   : \"ImageGallery\",\n\t\t\"id\"      : \"https:\/\/h2online.at\/wordpress\/akt-und-schrift\/\",\n\t\t\"url\"     : \"https:\/\/h2online.at\/wordpress\/akt-und-schrift\/\"\n\t}\n\n\t<\/script>\n\n\t\n<\/div>\n\n","protected":false},"excerpt":{"rendered":"<p>Scherzhafte Streitgespr\u00e4che, ob man Erotik besser in Bildern oder in Worten ausdr\u00fccken k\u00f6nne, brachten Karl Krendl und Ewald Reiter auf die Idee &#8220;Eros in Wort und Bild&#8221; zu ver\u00f6ffentlichen. Die entstandenen Exponate dazu sind eine sehr sch\u00f6ne Kombination aus beiden Bereichen. Eine erotische Geschichte Sie war von schlanker Gestalt. Eine &#8230;<\/p>\n<p> <a class=\"continue-reading-link\" href=\"https:\/\/h2online.at\/wordpress\/akt-und-schrift\/\"><span>Continue reading<\/span><i class=\"crycon-right-dir\"><\/i><\/a> <\/p>\n","protected":false},"author":1,"featured_media":0,"parent":0,"menu_order":0,"comment_status":"closed","ping_status":"closed","template":"templates\/template-onecolumn.php","meta":[],"_links":{"self":[{"href":"https:\/\/h2online.at\/wordpress\/wp-json\/wp\/v2\/pages\/62"}],"collection":[{"href":"https:\/\/h2online.at\/wordpress\/wp-json\/wp\/v2\/pages"}],"about":[{"href":"https:\/\/h2online.at\/wordpress\/wp-json\/wp\/v2\/types\/page"}],"author":[{"embeddable":true,"href":"https:\/\/h2online.at\/wordpress\/wp-json\/wp\/v2\/users\/1"}],"replies":[{"embeddable":true,"href":"https:\/\/h2online.at\/wordpress\/wp-json\/wp\/v2\/comments?post=62"}],"version-history":[{"count":9,"href":"https:\/\/h2online.at\/wordpress\/wp-json\/wp\/v2\/pages\/62\/revisions"}],"predecessor-version":[{"id":372,"href":"https:\/\/h2online.at\/wordpress\/wp-json\/wp\/v2\/pages\/62\/revisions\/372"}],"wp:attachment":[{"href":"https:\/\/h2online.at\/wordpress\/wp-json\/wp\/v2\/media?parent=62"}],"curies":[{"name":"wp","href":"https:\/\/api.w.org\/{rel}","templated":true}]}}